{"id":1153,"date":"2023-05-30T12:13:23","date_gmt":"2023-05-30T12:13:23","guid":{"rendered":"http:\/\/restaurantepaparazzi.es\/?page_id=1153"},"modified":"2024-06-21T02:42:01","modified_gmt":"2024-06-21T02:42:01","slug":"postres","status":"publish","type":"page","link":"https:\/\/restaurantepaparazzi.es\/fr\/postres\/","title":{"rendered":"Desserts"},"content":{"rendered":"<div data-elementor-type=\"wp-page\" data-elementor-id=\"1153\" class=\"elementor elementor-1153\" data-elementor-post-type=\"page\">\n\t\t\t\t\t\t<section class=\"elementor-section elementor-top-section elementor-element elementor-element-2134acac elementor-section-full_width elementor-section-height-default elementor-section-height-default\" data-id=\"2134acac\" data-element_type=\"section\">\n\t\t\t\t\t\t<div class=\"elementor-container elementor-column-gap-no\">\n\t\t\t\t\t<div class=\"elementor-column elementor-col-100 elementor-top-column elementor-element elementor-element-3d73891d\" data-id=\"3d73891d\" data-element_type=\"column\">\n\t\t\t<div class=\"elementor-widget-wrap elementor-element-populated\">\n\t\t\t\t\t\t<div class=\"elementor-element elementor-element-e2b81a elementor-widget elementor-widget-template\" data-id=\"e2b81a\" data-element_type=\"widget\" data-widget_type=\"template.default\">\n\t\t\t\t<div class=\"elementor-widget-container\">\n\t\t\t\t\t<div class=\"elementor-template\">\n\t\t\t\t\t<div data-elementor-type=\"section\" data-elementor-id=\"3208\" class=\"elementor elementor-3208\" data-elementor-post-type=\"elementor_library\">\n\t\t\t\t\t<section class=\"elementor-section elementor-top-section elementor-element elementor-element-2c947d04 elementor-section-content-middle elementor-section-full_width elementor-section-height-default elementor-section-height-default\" data-id=\"2c947d04\" data-element_type=\"section\" data-settings=\"{&quot;background_background&quot;:&quot;classic&quot;}\">\n\t\t\t\t\t\t<div class=\"elementor-container elementor-column-gap-default\">\n\t\t\t\t\t<div class=\"elementor-column elementor-col-100 elementor-top-column elementor-element elementor-element-47eb4829\" data-id=\"47eb4829\" data-element_type=\"column\" data-settings=\"{&quot;background_background&quot;:&quot;classic&quot;}\">\n\t\t\t<div class=\"elementor-widget-wrap elementor-element-populated\">\n\t\t\t\t\t\t<div class=\"elementor-element elementor-element-331a319d elementor-widget__width-initial elementor-widget elementor-widget-theme-site-logo elementor-widget-image\" data-id=\"331a319d\" data-element_type=\"widget\" data-widget_type=\"theme-site-logo.default\">\n\t\t\t\t<div class=\"elementor-widget-container\">\n\t\t\t<style>\/*! elementor - v3.22.0 - 17-06-2024 *\/\n.elementor-widget-image{text-align:center}.elementor-widget-image a{display:inline-block}.elementor-widget-image a img[src$=\".svg\"]{width:48px}.elementor-widget-image img{vertical-align:middle;display:inline-block}<\/style>\t\t\t\t\t\t<a href=\"https:\/\/restaurantepaparazzi.es\/fr\">\n\t\t\t<img fetchpriority=\"high\" decoding=\"async\" width=\"300\" height=\"169\" src=\"https:\/\/restaurantepaparazzi.es\/wp-content\/uploads\/2023\/05\/LOGO_PAPARAZZI-300x169.webp\" class=\"attachment-medium size-medium wp-image-478\" alt=\"LOGO PAPARAZZI\" srcset=\"https:\/\/restaurantepaparazzi.es\/wp-content\/uploads\/2023\/05\/LOGO_PAPARAZZI-300x169.webp 300w, https:\/\/restaurantepaparazzi.es\/wp-content\/uploads\/2023\/05\/LOGO_PAPARAZZI.webp 378w\" sizes=\"(max-width: 300px) 100vw, 300px\" \/>\t\t\t\t<\/a>\n\t\t\t\t\t\t\t\t\t<\/div>\n\t\t\t\t<\/div>\n\t\t\t\t<div class=\"elementor-element elementor-element-ce29d7c elementor-widget__width-initial elementor-widget-mobile__width-initial elementor-widget elementor-widget-heading\" data-id=\"ce29d7c\" data-element_type=\"widget\" data-widget_type=\"heading.default\">\n\t\t\t\t<div class=\"elementor-widget-container\">\n\t\t\t<style>\/*! elementor - v3.22.0 - 17-06-2024 *\/\n.elementor-heading-title{padding:0;margin:0;line-height:1}.elementor-widget-heading .elementor-heading-title[class*=elementor-size-]>a{color:inherit;font-size:inherit;line-height:inherit}.elementor-widget-heading .elementor-heading-title.elementor-size-small{font-size:15px}.elementor-widget-heading .elementor-heading-title.elementor-size-medium{font-size:19px}.elementor-widget-heading .elementor-heading-title.elementor-size-large{font-size:29px}.elementor-widget-heading .elementor-heading-title.elementor-size-xl{font-size:39px}.elementor-widget-heading .elementor-heading-title.elementor-size-xxl{font-size:59px}<\/style><h2 class=\"elementor-heading-title elementor-size-default\">Las Canteras<\/h2>\t\t<\/div>\n\t\t\t\t<\/div>\n\t\t\t\t<div class=\"elementor-element elementor-element-3ee73ffe elementor-widget__width-initial elementor-widget-mobile__width-inherit elementor-view-default elementor-widget elementor-widget-icon\" data-id=\"3ee73ffe\" data-element_type=\"widget\" data-widget_type=\"icon.default\">\n\t\t\t\t<div class=\"elementor-widget-container\">\n\t\t\t\t\t<div class=\"elementor-icon-wrapper\">\n\t\t\t<a class=\"elementor-icon\" href=\"#elementor-action:action=popup:open&settings=eyJpZCI6IjMxOTUiLCJ0b2dnbGUiOmZhbHNlfQ==\">\n\t\t\t<i aria-hidden=\"true\" class=\"fas fa-bars\"><\/i>\t\t\t<\/a>\n\t\t<\/div>\n\t\t\t\t<\/div>\n\t\t\t\t<\/div>\n\t\t\t\t\t<\/div>\n\t\t<\/div>\n\t\t\t\t\t<\/div>\n\t\t<\/section>\n\t\t\t\t<\/div>\n\t\t\t\t<\/div>\n\t\t\t\t<\/div>\n\t\t\t\t<\/div>\n\t\t\t\t\t<\/div>\n\t\t<\/div>\n\t\t\t\t\t<\/div>\n\t\t<\/section>\n\t\t\t\t<section class=\"elementor-section elementor-top-section elementor-element elementor-element-774b844 apsaback elementor-section-boxed elementor-section-height-default elementor-section-height-default\" data-id=\"774b844\" data-element_type=\"section\" data-settings=\"{&quot;background_background&quot;:&quot;classic&quot;}\">\n\t\t\t\t\t\t\t<div class=\"elementor-background-overlay\"><\/div>\n\t\t\t\t\t\t\t<div class=\"elementor-container elementor-column-gap-default\">\n\t\t\t\t\t<div class=\"elementor-column elementor-col-100 elementor-top-column elementor-element elementor-element-73fdc60\" data-id=\"73fdc60\" data-element_type=\"column\">\n\t\t\t<div class=\"elementor-widget-wrap elementor-element-populated\">\n\t\t\t\t\t\t<div class=\"elementor-element elementor-element-322e441 elementor-widget elementor-widget-wpc-menu-tab\" data-id=\"322e441\" data-element_type=\"widget\" data-widget_type=\"wpc-menu-tab.default\">\n\t\t\t\t<div class=\"elementor-widget-container\">\n\t\t\t<div class=\"wpc-food-tab-wrapper wpc-nav-shortcode main_wrapper_322e441\" data-id=\"322e441\">\n    \n    \t\t\t<ul class=\"wpc-nav\">\n\t\t\t\t\t\t\t\t\t\t<li>\n\t\t\t\t\t\t\t\t\t<a href='#' class='wpc-tab-a wpc-active' data-id='tab_0'\n\t\t\t\t\t\t\t\t\tdata-cat_id='88'>\n\t\t\t\t\t\t\t\t\t\t\t<span>Nos desserts maison<\/span>\n\t\t\t\t\t\t\t\t\t<\/a>\n\t\t\t\t\t\t\t<\/li>\n\t\t\t\t\t\t\t\t\t\t<\/ul>\n\t\t\t    \n    <div class=\"wpc-tab-content wpc-widget-wrapper\">\n        \t\t\t<div class='wpc-tab tab-active' data-id='tab_0' data-cat_id='88'>\n\t\t\t\t\t<div class=\"tab_template_88_322e441\"><\/div>\n\t\t\t\t\t<div class=\"template_data_88_322e441\">\n\t\t\t\t\t\t\t\n    <div class=\"wpc-food-block-tab-item wpc-tab-block1\">\n        <div class=\"wpc-row\">\n                            <div class=\"wpc-col-lg-6\">\n                     \t\t\t\t<div class=\"wpc-food-menu-item wpc-row\">\n\t\t\t\t\t\t\t\t\t\t<div class=\"wpc-col-md-12\">\n\t\t\t\t\t\t\t<div class=\"wpc-food-inner-content\">\n\t\t\t\t\t\t\t\t\t<!-- product tag and tax -->\n\t\t\t\t\t\t\t\t\t<div class=\"wpc-menu-tag-wrap\">\n\t\t\t\t\t\t\t\t\t\t\t\t\t\t\t\t\t\t\t\t<\/div>\n\n\t\t\t\t\t\t\t\t\t<h3 class=\"wpc-post-title wpc-title-with-border\">\n\t\t\t\t\t\t\t\t\t\t\t<a href=\"\" class=\"wpc-no-link\"> POUDRE D'URUGUAYENNE <\/a>\n\t\t\t\t\t\t\t\t\t\t\t<span class=\"wpc-title-border\"><\/span>\n\t\t\t\t\t\t\t\t\t\t\t\t\t\t\t\t\t\t\t\t\t\t\t\t<span class=\"wpc-menu-price\"><span class=\"woocommerce-Price-amount amount\">5,90&nbsp;<span class=\"woocommerce-Price-currencySymbol\">\u20ac<\/span><\/span><\/span><\/span>\n\t\t\t\t\t\t\t\t\t\t\t\t\t\t\t\t\t\t\t\t\t\t<\/h3>\n\t\t\t\t\t\t\t\t\t\t\t\t\t\t\t\t\t\t<p>\n\t\t\t\t\t\t\t\t\t\t\tCr\u00e8me, dulce de leche maison, biscuits et soupirs (on dit le meilleur).\t\t\t\t\t\t\t\t\t<\/p>\n\t\t\t\t\t\t\t\t\t\t\t\t\t\t\t\t<\/div>\n\t\t\t\t\t<\/div>\n\t\t\t\t\t<div class=\"wpc_loader_wrapper\">\n\t\t\t\t\t\t\t<div class=\"loder-dot dot-a\"><\/div>\n\t\t\t\t\t\t\t<div class=\"loder-dot dot-b\"><\/div>\n\t\t\t\t\t\t\t<div class=\"loder-dot dot-c\"><\/div>\n\t\t\t\t\t\t\t<div class=\"loder-dot dot-d\"><\/div>\n\t\t\t\t\t\t\t<div class=\"loder-dot dot-e\"><\/div>\n\t\t\t\t\t\t\t<div class=\"loder-dot dot-f\"><\/div>\n\t\t\t\t\t\t\t<div class=\"loder-dot dot-g\"><\/div>\n\t\t\t\t\t\t\t<div class=\"loder-dot dot-h\"><\/div>\n\t\t\t\t\t<\/div>\n\t\t\t<\/div>\n\n\t\t\t                <\/div>\n                                <div class=\"wpc-col-lg-6\">\n                     \t\t\t\t<div class=\"wpc-food-menu-item wpc-row\">\n\t\t\t\t\t\t\t\t\t\t<div class=\"wpc-col-md-12\">\n\t\t\t\t\t\t\t<div class=\"wpc-food-inner-content\">\n\t\t\t\t\t\t\t\t\t<!-- product tag and tax -->\n\t\t\t\t\t\t\t\t\t<div class=\"wpc-menu-tag-wrap\">\n\t\t\t\t\t\t\t\t\t\t\t\t\t\t\t\t\t\t\t\t<\/div>\n\n\t\t\t\t\t\t\t\t\t<h3 class=\"wpc-post-title wpc-title-with-border\">\n\t\t\t\t\t\t\t\t\t\t\t<a href=\"\" class=\"wpc-no-link\"> CREAM COOKIES (BISCUITS \u00c0 LA CR\u00c8ME) <\/a>\n\t\t\t\t\t\t\t\t\t\t\t<span class=\"wpc-title-border\"><\/span>\n\t\t\t\t\t\t\t\t\t\t\t\t\t\t\t\t\t\t\t\t\t\t\t\t<span class=\"wpc-menu-price\"><span class=\"woocommerce-Price-amount amount\">5,90&nbsp;<span class=\"woocommerce-Price-currencySymbol\">\u20ac<\/span><\/span><\/span><\/span>\n\t\t\t\t\t\t\t\t\t\t\t\t\t\t\t\t\t\t\t\t\t\t<\/h3>\n\t\t\t\t\t\t\t\t\t\t\t\t\t\t\t\t\t\t<p>\n\t\t\t\t\t\t\t\t\t\t\tCr\u00e8me de biscuits italiens avec chocolat miroir et morceaux de biscuits\t\t\t\t\t\t\t\t\t<\/p>\n\t\t\t\t\t\t\t\t\t\t\t\t\t\t\t\t<\/div>\n\t\t\t\t\t<\/div>\n\t\t\t\t\t<div class=\"wpc_loader_wrapper\">\n\t\t\t\t\t\t\t<div class=\"loder-dot dot-a\"><\/div>\n\t\t\t\t\t\t\t<div class=\"loder-dot dot-b\"><\/div>\n\t\t\t\t\t\t\t<div class=\"loder-dot dot-c\"><\/div>\n\t\t\t\t\t\t\t<div class=\"loder-dot dot-d\"><\/div>\n\t\t\t\t\t\t\t<div class=\"loder-dot dot-e\"><\/div>\n\t\t\t\t\t\t\t<div class=\"loder-dot dot-f\"><\/div>\n\t\t\t\t\t\t\t<div class=\"loder-dot dot-g\"><\/div>\n\t\t\t\t\t\t\t<div class=\"loder-dot dot-h\"><\/div>\n\t\t\t\t\t<\/div>\n\t\t\t<\/div>\n\n\t\t\t                <\/div>\n                                <div class=\"wpc-col-lg-6\">\n                     \t\t\t\t<div class=\"wpc-food-menu-item wpc-row\">\n\t\t\t\t\t\t\t\t\t\t<div class=\"wpc-col-md-12\">\n\t\t\t\t\t\t\t<div class=\"wpc-food-inner-content\">\n\t\t\t\t\t\t\t\t\t<!-- product tag and tax -->\n\t\t\t\t\t\t\t\t\t<div class=\"wpc-menu-tag-wrap\">\n\t\t\t\t\t\t\t\t\t\t\t\t\t\t\t\t\t\t\t\t<\/div>\n\n\t\t\t\t\t\t\t\t\t<h3 class=\"wpc-post-title wpc-title-with-border\">\n\t\t\t\t\t\t\t\t\t\t\t<a href=\"\" class=\"wpc-no-link\"> DOLCE LATTE <\/a>\n\t\t\t\t\t\t\t\t\t\t\t<span class=\"wpc-title-border\"><\/span>\n\t\t\t\t\t\t\t\t\t\t\t\t\t\t\t\t\t\t\t\t\t\t\t\t<span class=\"wpc-menu-price\"><span class=\"woocommerce-Price-amount amount\">5,90&nbsp;<span class=\"woocommerce-Price-currencySymbol\">\u20ac<\/span><\/span><\/span><\/span>\n\t\t\t\t\t\t\t\t\t\t\t\t\t\t\t\t\t\t\t\t\t\t<\/h3>\n\t\t\t\t\t\t\t\t\t\t\t\t\t\t\t\t\t\t<p>\n\t\t\t\t\t\t\t\t\t\t\tMousse au chocolat, biscuits, cr\u00e8me, fine couche de dulce de leche et cacahu\u00e8tes\t\t\t\t\t\t\t\t\t<\/p>\n\t\t\t\t\t\t\t\t\t\t\t\t\t\t\t\t<\/div>\n\t\t\t\t\t<\/div>\n\t\t\t\t\t<div class=\"wpc_loader_wrapper\">\n\t\t\t\t\t\t\t<div class=\"loder-dot dot-a\"><\/div>\n\t\t\t\t\t\t\t<div class=\"loder-dot dot-b\"><\/div>\n\t\t\t\t\t\t\t<div class=\"loder-dot dot-c\"><\/div>\n\t\t\t\t\t\t\t<div class=\"loder-dot dot-d\"><\/div>\n\t\t\t\t\t\t\t<div class=\"loder-dot dot-e\"><\/div>\n\t\t\t\t\t\t\t<div class=\"loder-dot dot-f\"><\/div>\n\t\t\t\t\t\t\t<div class=\"loder-dot dot-g\"><\/div>\n\t\t\t\t\t\t\t<div class=\"loder-dot dot-h\"><\/div>\n\t\t\t\t\t<\/div>\n\t\t\t<\/div>\n\n\t\t\t                <\/div>\n                                <div class=\"wpc-col-lg-6\">\n                     \t\t\t\t<div class=\"wpc-food-menu-item wpc-row\">\n\t\t\t\t\t\t\t\t\t\t<div class=\"wpc-col-md-12\">\n\t\t\t\t\t\t\t<div class=\"wpc-food-inner-content\">\n\t\t\t\t\t\t\t\t\t<!-- product tag and tax -->\n\t\t\t\t\t\t\t\t\t<div class=\"wpc-menu-tag-wrap\">\n\t\t\t\t\t\t\t\t\t\t\t\t\t\t\t\t\t\t\t\t<\/div>\n\n\t\t\t\t\t\t\t\t\t<h3 class=\"wpc-post-title wpc-title-with-border\">\n\t\t\t\t\t\t\t\t\t\t\t<a href=\"\" class=\"wpc-no-link\"> CHEESECAKE <\/a>\n\t\t\t\t\t\t\t\t\t\t\t<span class=\"wpc-title-border\"><\/span>\n\t\t\t\t\t\t\t\t\t\t\t\t\t\t\t\t\t\t\t\t\t\t\t\t<span class=\"wpc-menu-price\"><span class=\"woocommerce-Price-amount amount\">5,90&nbsp;<span class=\"woocommerce-Price-currencySymbol\">\u20ac<\/span><\/span><\/span><\/span>\n\t\t\t\t\t\t\t\t\t\t\t\t\t\t\t\t\t\t\t\t\t\t<\/h3>\n\t\t\t\t\t\t\t\t\t\t\t\t\t\t\t\t\t\t<p>\n\t\t\t\t\t\t\t\t\t\t\tFromage cr\u00e9meux avec confiture de myrtilles\t\t\t\t\t\t\t\t\t<\/p>\n\t\t\t\t\t\t\t\t\t\t\t\t\t\t\t\t<\/div>\n\t\t\t\t\t<\/div>\n\t\t\t\t\t<div class=\"wpc_loader_wrapper\">\n\t\t\t\t\t\t\t<div class=\"loder-dot dot-a\"><\/div>\n\t\t\t\t\t\t\t<div class=\"loder-dot dot-b\"><\/div>\n\t\t\t\t\t\t\t<div class=\"loder-dot dot-c\"><\/div>\n\t\t\t\t\t\t\t<div class=\"loder-dot dot-d\"><\/div>\n\t\t\t\t\t\t\t<div class=\"loder-dot dot-e\"><\/div>\n\t\t\t\t\t\t\t<div class=\"loder-dot dot-f\"><\/div>\n\t\t\t\t\t\t\t<div class=\"loder-dot dot-g\"><\/div>\n\t\t\t\t\t\t\t<div class=\"loder-dot dot-h\"><\/div>\n\t\t\t\t\t<\/div>\n\t\t\t<\/div>\n\n\t\t\t                <\/div>\n                                <div class=\"wpc-col-lg-6\">\n                     \t\t\t\t<div class=\"wpc-food-menu-item wpc-row\">\n\t\t\t\t\t\t\t\t\t\t<div class=\"wpc-col-md-12\">\n\t\t\t\t\t\t\t<div class=\"wpc-food-inner-content\">\n\t\t\t\t\t\t\t\t\t<!-- product tag and tax -->\n\t\t\t\t\t\t\t\t\t<div class=\"wpc-menu-tag-wrap\">\n\t\t\t\t\t\t\t\t\t\t\t\t\t\t\t\t\t\t\t\t<\/div>\n\n\t\t\t\t\t\t\t\t\t<h3 class=\"wpc-post-title wpc-title-with-border\">\n\t\t\t\t\t\t\t\t\t\t\t<a href=\"\" class=\"wpc-no-link\"> G\u00c2TEAU AU FROMAGE AUX FRUITS DE LA PASSION <\/a>\n\t\t\t\t\t\t\t\t\t\t\t<span class=\"wpc-title-border\"><\/span>\n\t\t\t\t\t\t\t\t\t\t\t\t\t\t\t\t\t\t\t\t\t\t\t\t<span class=\"wpc-menu-price\"><span class=\"woocommerce-Price-amount amount\">5,90&nbsp;<span class=\"woocommerce-Price-currencySymbol\">\u20ac<\/span><\/span><\/span><\/span>\n\t\t\t\t\t\t\t\t\t\t\t\t\t\t\t\t\t\t\t\t\t\t<\/h3>\n\t\t\t\t\t\t\t\t\t\t\t\t\t\t\t\t\t\t<p>\n\t\t\t\t\t\t\t\t\t\t\t\t\t\t\t\t\t\t\t\t<\/p>\n\t\t\t\t\t\t\t\t\t\t\t\t\t\t\t\t<\/div>\n\t\t\t\t\t<\/div>\n\t\t\t\t\t<div class=\"wpc_loader_wrapper\">\n\t\t\t\t\t\t\t<div class=\"loder-dot dot-a\"><\/div>\n\t\t\t\t\t\t\t<div class=\"loder-dot dot-b\"><\/div>\n\t\t\t\t\t\t\t<div class=\"loder-dot dot-c\"><\/div>\n\t\t\t\t\t\t\t<div class=\"loder-dot dot-d\"><\/div>\n\t\t\t\t\t\t\t<div class=\"loder-dot dot-e\"><\/div>\n\t\t\t\t\t\t\t<div class=\"loder-dot dot-f\"><\/div>\n\t\t\t\t\t\t\t<div class=\"loder-dot dot-g\"><\/div>\n\t\t\t\t\t\t\t<div class=\"loder-dot dot-h\"><\/div>\n\t\t\t\t\t<\/div>\n\t\t\t<\/div>\n\n\t\t\t                <\/div>\n                                <div class=\"wpc-col-lg-6\">\n                     \t\t\t\t<div class=\"wpc-food-menu-item wpc-row\">\n\t\t\t\t\t\t\t\t\t\t<div class=\"wpc-col-md-12\">\n\t\t\t\t\t\t\t<div class=\"wpc-food-inner-content\">\n\t\t\t\t\t\t\t\t\t<!-- product tag and tax -->\n\t\t\t\t\t\t\t\t\t<div class=\"wpc-menu-tag-wrap\">\n\t\t\t\t\t\t\t\t\t\t\t\t\t\t\t\t\t\t\t\t<\/div>\n\n\t\t\t\t\t\t\t\t\t<h3 class=\"wpc-post-title wpc-title-with-border\">\n\t\t\t\t\t\t\t\t\t\t\t<a href=\"\" class=\"wpc-no-link\"> MOUSSE AU CHOCOLAT <\/a>\n\t\t\t\t\t\t\t\t\t\t\t<span class=\"wpc-title-border\"><\/span>\n\t\t\t\t\t\t\t\t\t\t\t\t\t\t\t\t\t\t\t\t\t\t\t\t<span class=\"wpc-menu-price\"><span class=\"woocommerce-Price-amount amount\">5,90&nbsp;<span class=\"woocommerce-Price-currencySymbol\">\u20ac<\/span><\/span><\/span><\/span>\n\t\t\t\t\t\t\t\t\t\t\t\t\t\t\t\t\t\t\t\t\t\t<\/h3>\n\t\t\t\t\t\t\t\t\t\t\t\t\t\t\t\t\t\t<p>\n\t\t\t\t\t\t\t\t\t\t\t\t\t\t\t\t\t\t\t\t<\/p>\n\t\t\t\t\t\t\t\t\t\t\t\t\t\t\t\t<\/div>\n\t\t\t\t\t<\/div>\n\t\t\t\t\t<div class=\"wpc_loader_wrapper\">\n\t\t\t\t\t\t\t<div class=\"loder-dot dot-a\"><\/div>\n\t\t\t\t\t\t\t<div class=\"loder-dot dot-b\"><\/div>\n\t\t\t\t\t\t\t<div class=\"loder-dot dot-c\"><\/div>\n\t\t\t\t\t\t\t<div class=\"loder-dot dot-d\"><\/div>\n\t\t\t\t\t\t\t<div class=\"loder-dot dot-e\"><\/div>\n\t\t\t\t\t\t\t<div class=\"loder-dot dot-f\"><\/div>\n\t\t\t\t\t\t\t<div class=\"loder-dot dot-g\"><\/div>\n\t\t\t\t\t\t\t<div class=\"loder-dot dot-h\"><\/div>\n\t\t\t\t\t<\/div>\n\t\t\t<\/div>\n\n\t\t\t                <\/div>\n                        <\/div>\n    <\/div><!-- block-item6 -->\n    \t\t\t\t\t<\/div>\n\t\t\t<\/div><!-- Tab pane 1 end -->\n\t\t\t    <\/div><!-- Tab content-->\n<\/div>\n\t\t<\/div>\n\t\t\t\t<\/div>\n\t\t\t\t<div class=\"elementor-element elementor-element-5e7cc86 elementor-widget elementor-widget-template\" data-id=\"5e7cc86\" data-element_type=\"widget\" data-widget_type=\"template.default\">\n\t\t\t\t<div class=\"elementor-widget-container\">\n\t\t\t\t\t<div class=\"elementor-template\">\n\t\t\t\t\t<div data-elementor-type=\"section\" data-elementor-id=\"2266\" class=\"elementor elementor-2266\" data-elementor-post-type=\"elementor_library\">\n\t\t\t\t\t<section class=\"elementor-section elementor-top-section elementor-element elementor-element-6e09ada elementor-section-boxed elementor-section-height-default elementor-section-height-default\" data-id=\"6e09ada\" data-element_type=\"section\" data-settings=\"{&quot;background_background&quot;:&quot;classic&quot;}\">\n\t\t\t\t\t\t<div class=\"elementor-container elementor-column-gap-default\">\n\t\t\t\t\t<div class=\"elementor-column elementor-col-100 elementor-top-column elementor-element elementor-element-539cf9d\" data-id=\"539cf9d\" data-element_type=\"column\">\n\t\t\t<div class=\"elementor-widget-wrap elementor-element-populated\">\n\t\t\t\t\t\t<div class=\"elementor-element elementor-element-c4b839f elementor-widget__width-initial elementor-widget elementor-widget-heading\" data-id=\"c4b839f\" data-element_type=\"widget\" data-widget_type=\"heading.default\">\n\t\t\t\t<div class=\"elementor-widget-container\">\n\t\t\t<h6 class=\"elementor-heading-title elementor-size-default\">Pain et beurre \u20ac2,50<br>\nL'IGIC comprend<br>\nLa lettre de d\u00e9claration des allerg\u00e8nes est \u00e0 la disposition de nos clients.<br>\nVous pouvez le demander au personnel du restaurant.<br>\n<\/h6>\t\t<\/div>\n\t\t\t\t<\/div>\n\t\t\t\t\t<\/div>\n\t\t<\/div>\n\t\t\t\t\t<\/div>\n\t\t<\/section>\n\t\t\t\t<\/div>\n\t\t\t\t<\/div>\n\t\t\t\t<\/div>\n\t\t\t\t<\/div>\n\t\t\t\t\t<\/div>\n\t\t<\/div>\n\t\t\t\t\t<\/div>\n\t\t<\/section>\n\t\t\t\t<\/div>","protected":false},"excerpt":{"rendered":"<p>Nuestros Postres Caseros TARTA DE QUESO CON FRUTA DE LA PASI\u00d3N 5,90&nbsp;&euro; OREO CREAM&amp;CARAMEL 5,90&nbsp;&euro; Crema de oreo, galletas y remolinos de caramelo MOUSSE DE CHOCOLATE 5,90&nbsp;&euro; POLVITO URUGUAYO 5,90&nbsp;&euro; Nata, dulce de leche casero, galletas y suspiros. (Dicen que el mejor) CREAM COOKIES 5,90&nbsp;&euro; Crema de galleta italiana con chocolate espejo y tropezones de [&hellip;]<\/p>","protected":false},"author":1,"featured_media":0,"parent":0,"menu_order":0,"comment_status":"closed","ping_status":"closed","template":"","meta":{"footnotes":""},"class_list":["post-1153","page","type-page","status-publish","hentry"],"_links":{"self":[{"href":"https:\/\/restaurantepaparazzi.es\/fr\/wp-json\/wp\/v2\/pages\/1153","targetHints":{"allow":["GET"]}}],"collection":[{"href":"https:\/\/restaurantepaparazzi.es\/fr\/wp-json\/wp\/v2\/pages"}],"about":[{"href":"https:\/\/restaurantepaparazzi.es\/fr\/wp-json\/wp\/v2\/types\/page"}],"author":[{"embeddable":true,"href":"https:\/\/restaurantepaparazzi.es\/fr\/wp-json\/wp\/v2\/users\/1"}],"replies":[{"embeddable":true,"href":"https:\/\/restaurantepaparazzi.es\/fr\/wp-json\/wp\/v2\/comments?post=1153"}],"version-history":[{"count":6,"href":"https:\/\/restaurantepaparazzi.es\/fr\/wp-json\/wp\/v2\/pages\/1153\/revisions"}],"predecessor-version":[{"id":3242,"href":"https:\/\/restaurantepaparazzi.es\/fr\/wp-json\/wp\/v2\/pages\/1153\/revisions\/3242"}],"wp:attachment":[{"href":"https:\/\/restaurantepaparazzi.es\/fr\/wp-json\/wp\/v2\/media?parent=1153"}],"curies":[{"name":"wp","href":"https:\/\/api.w.org\/{rel}","templated":true}]}}